{"id":31,"date":"2023-10-13T10:01:28","date_gmt":"2023-10-13T09:01:28","guid":{"rendered":"https:\/\/hotel-mozart.be\/?page_id=31"},"modified":"2023-12-25T10:57:53","modified_gmt":"2023-12-25T10:57:53","slug":"chambres","status":"publish","type":"page","link":"https:\/\/hotel-mozart.be\/index.php\/chambres\/","title":{"rendered":"Chambres \/ Rooms"},"content":{"rendered":"\t\t<div data-elementor-type=\"wp-page\" data-elementor-id=\"31\" class=\"elementor elementor-31\" data-elementor-post-type=\"page\">\n\t\t\t\t\t\t\t<div class=\"elementor-element elementor-element-bcf956e e-flex e-con-boxed e-con e-parent\" data-id=\"bcf956e\" data-element_type=\"container\" data-settings=\"{&quot;content_width&quot;:&quot;boxed&quot;}\" data-core-v316-plus=\"true\">\n\t\t\t\t\t<div class=\"e-con-inner\">\n\t\t\t\t<div class=\"elementor-element elementor-element-6340cc2 elementor-widget elementor-widget-text-editor\" data-id=\"6340cc2\" data-element_type=\"widget\" data-widget_type=\"text-editor.default\">\n\t\t\t\t<div class=\"elementor-widget-container\">\n\t\t\t<style>\/*! elementor - v3.16.0 - 09-10-2023 *\/\n.elementor-widget-text-editor.elementor-drop-cap-view-stacked .elementor-drop-cap{background-color:#69727d;color:#fff}.elementor-widget-text-editor.elementor-drop-cap-view-framed .elementor-drop-cap{color:#69727d;border:3px solid;background-color:transparent}.elementor-widget-text-editor:not(.elementor-drop-cap-view-default) .elementor-drop-cap{margin-top:8px}.elementor-widget-text-editor:not(.elementor-drop-cap-view-default) .elementor-drop-cap-letter{width:1em;height:1em}.elementor-widget-text-editor .elementor-drop-cap{float:left;text-align:center;line-height:1;font-size:50px}.elementor-widget-text-editor .elementor-drop-cap-letter{display:inline-block}<\/style>\t\t\t\t<p class=\"font_7 wixui-rich-text__text\"><span class=\"wixui-rich-text__text\">En plein centre du Coeur de l\u2019Europe, \u00e0 deux pas de la l\u00e9gendaire Grand Place de Bruxelles, l\u2019h\u00f4tel Mozart, vous attend dans un cadre d\u2019une chaleur exceptionnelle o\u00f9 les couleurs de l\u2019Orient et de l\u2019Andalousie se m\u00ealent et soutiennent les tableaux de l\u2019\u00e9poque des Lumi\u00e8res.<\/span><\/p><p class=\"font_7 wixui-rich-text__text\"><span class=\"wixui-rich-text__text\">Mozart est omnipr\u00e9sent dans \u2026une atmosph\u00e8re de \u00ab Palais des mille et une nuits \u00bb mis \u00e0 la port\u00e9e de tous : hommes d\u2019affaires, participants aux congr\u00e8s internationaux, familles, groupes en s\u00e9minaire, groupes d\u2019\u00e9tudiants universitaires, ou tout simplement touristes attir\u00e9s par Bruxelles et ses tr\u00e9sors. L\u2019\u00e9quipe vous accueille 24h\/24 et contribuera \u00e0 rendre votre s\u00e9jour inoubliable par le confort assur\u00e9 au-del\u00e0 du cadre, dans vos chambres ou dans les salons. Que cela soit en chambre familiale ( 3\/4 personnes) ou en single, tout est pr\u00e9vu depuis votre salle de bain, avec le shampooing offert pour satisfaire les exigences d\u2019\u00e9l\u00e9gance jusqu\u2019au raccordement (gratuit aussi) \u00e0 internet par Wi-Fi. Et pour les gourmets du matin, le petit d\u00e9jeuner continental ravira les amateurs de saveurs gourmandes. (sachez qu\u2019il est compris dans le prix).<\/span><\/p><p class=\"font_7 wixui-rich-text__text\"><span class=\"wixui-rich-text__text\">Vous avez envie de prendre l\u2019air sans quitter l\u2019h\u00f4tel ? son patio vous offre une oasis de paix \u00e0 l\u2019abri d\u2019arabesques bienveillantes. Mozart, sera aussi un point de d\u00e9part id\u00e9al pour la d\u00e9couverte de Bruxelles : sous l\u2019\u0153il du \u00abMannekenpis \u00bb qui est \u00e0 quelques m\u00e8tres comme le sont les 48 statuettes du petit sablon, les prestigieuses Galeries de la Reine, du Roi et des Princes. L\u2019Art, la mode, l\u2019artisanat, la culture, les bars, cin\u00e9mas\u2026 les loisirs les plus vari\u00e9s sont \u00e0 distance de pi\u00e9ton.<\/span><\/p>\t\t\t\t\t\t<\/div>\n\t\t\t\t<\/div>\n\t\t\t\t\t<\/div>\n\t\t\t\t<\/div>\n\t\t<div class=\"elementor-element elementor-element-5c57e30 e-flex e-con-boxed e-con e-parent\" data-id=\"5c57e30\" data-element_type=\"container\" data-settings=\"{&quot;content_width&quot;:&quot;boxed&quot;}\" data-core-v316-plus=\"true\">\n\t\t\t\t\t<div class=\"e-con-inner\">\n\t\t<div class=\"elementor-element elementor-element-38999e0 e-con-full e-flex e-con e-child\" data-id=\"38999e0\" data-element_type=\"container\" data-settings=\"{&quot;content_width&quot;:&quot;full&quot;}\">\n\t\t\t\t<div class=\"elementor-element elementor-element-9214f4c elementor-widget elementor-widget-image\" data-id=\"9214f4c\" data-element_type=\"widget\" data-widget_type=\"image.default\">\n\t\t\t\t<div class=\"elementor-widget-container\">\n\t\t\t<style>\/*! elementor - v3.16.0 - 09-10-2023 *\/\n.elementor-widget-image{text-align:center}.elementor-widget-image a{display:inline-block}.elementor-widget-image a img[src$=\".svg\"]{width:48px}.elementor-widget-image img{vertical-align:middle;display:inline-block}<\/style>\t\t\t\t\t\t\t\t\t\t\t\t<img decoding=\"async\" loading=\"lazy\" width=\"1024\" height=\"679\" src=\"https:\/\/hotel-mozart.be\/wp-content\/uploads\/2023\/12\/hotel-mozart-internet-35-1024x679.jpg\" class=\"attachment-large size-large wp-image-108\" alt=\"\" srcset=\"https:\/\/hotel-mozart.be\/wp-content\/uploads\/2023\/12\/hotel-mozart-internet-35-1024x679.jpg 1024w, https:\/\/hotel-mozart.be\/wp-content\/uploads\/2023\/12\/hotel-mozart-internet-35-300x199.jpg 300w, https:\/\/hotel-mozart.be\/wp-content\/uploads\/2023\/12\/hotel-mozart-internet-35-768x509.jpg 768w, https:\/\/hotel-mozart.be\/wp-content\/uploads\/2023\/12\/hotel-mozart-internet-35.jpg 1500w\" sizes=\"(max-width: 1024px) 100vw, 1024px\" \/>\t\t\t\t\t\t\t\t\t\t\t\t\t\t\t<\/div>\n\t\t\t\t<\/div>\n\t\t\t\t<\/div>\n\t\t<div class=\"elementor-element elementor-element-505f5c6 e-con-full e-flex e-con e-child\" data-id=\"505f5c6\" data-element_type=\"container\" data-settings=\"{&quot;content_width&quot;:&quot;full&quot;}\">\n\t\t\t\t<div class=\"elementor-element elementor-element-264f5fb elementor-widget elementor-widget-image\" data-id=\"264f5fb\" data-element_type=\"widget\" data-widget_type=\"image.default\">\n\t\t\t\t<div class=\"elementor-widget-container\">\n\t\t\t\t\t\t\t\t\t\t\t\t\t\t\t<img decoding=\"async\" loading=\"lazy\" width=\"1024\" height=\"685\" src=\"https:\/\/hotel-mozart.be\/wp-content\/uploads\/2023\/12\/hotel-mozart-internet-31-1024x685.jpg\" class=\"attachment-large size-large wp-image-104\" alt=\"\" srcset=\"https:\/\/hotel-mozart.be\/wp-content\/uploads\/2023\/12\/hotel-mozart-internet-31-1024x685.jpg 1024w, https:\/\/hotel-mozart.be\/wp-content\/uploads\/2023\/12\/hotel-mozart-internet-31-300x201.jpg 300w, https:\/\/hotel-mozart.be\/wp-content\/uploads\/2023\/12\/hotel-mozart-internet-31-768x514.jpg 768w, https:\/\/hotel-mozart.be\/wp-content\/uploads\/2023\/12\/hotel-mozart-internet-31.jpg 1500w\" sizes=\"(max-width: 1024px) 100vw, 1024px\" \/>\t\t\t\t\t\t\t\t\t\t\t\t\t\t\t<\/div>\n\t\t\t\t<\/div>\n\t\t\t\t<\/div>\n\t\t<div class=\"elementor-element elementor-element-57c1e47 e-con-full e-flex e-con e-child\" data-id=\"57c1e47\" data-element_type=\"container\" data-settings=\"{&quot;content_width&quot;:&quot;full&quot;}\">\n\t\t\t\t<div class=\"elementor-element elementor-element-64f3d0e elementor-widget elementor-widget-image\" data-id=\"64f3d0e\" data-element_type=\"widget\" data-widget_type=\"image.default\">\n\t\t\t\t<div class=\"elementor-widget-container\">\n\t\t\t\t\t\t\t\t\t\t\t\t\t\t\t<img decoding=\"async\" loading=\"lazy\" width=\"1024\" height=\"691\" src=\"https:\/\/hotel-mozart.be\/wp-content\/uploads\/2023\/12\/hotel-mozart-internet-32-1024x691.jpg\" class=\"attachment-large size-large wp-image-105\" alt=\"\" srcset=\"https:\/\/hotel-mozart.be\/wp-content\/uploads\/2023\/12\/hotel-mozart-internet-32-1024x691.jpg 1024w, https:\/\/hotel-mozart.be\/wp-content\/uploads\/2023\/12\/hotel-mozart-internet-32-300x202.jpg 300w, https:\/\/hotel-mozart.be\/wp-content\/uploads\/2023\/12\/hotel-mozart-internet-32-768x518.jpg 768w, https:\/\/hotel-mozart.be\/wp-content\/uploads\/2023\/12\/hotel-mozart-internet-32.jpg 1500w\" sizes=\"(max-width: 1024px) 100vw, 1024px\" \/>\t\t\t\t\t\t\t\t\t\t\t\t\t\t\t<\/div>\n\t\t\t\t<\/div>\n\t\t\t\t<\/div>\n\t\t<div class=\"elementor-element elementor-element-a552b54 e-con-full e-flex e-con e-child\" data-id=\"a552b54\" data-element_type=\"container\" data-settings=\"{&quot;content_width&quot;:&quot;full&quot;}\">\n\t\t\t\t<div class=\"elementor-element elementor-element-c45bb51 elementor-widget elementor-widget-image\" data-id=\"c45bb51\" data-element_type=\"widget\" data-widget_type=\"image.default\">\n\t\t\t\t<div class=\"elementor-widget-container\">\n\t\t\t\t\t\t\t\t\t\t\t\t\t\t\t<img decoding=\"async\" loading=\"lazy\" width=\"1024\" height=\"679\" src=\"https:\/\/hotel-mozart.be\/wp-content\/uploads\/2023\/12\/hotel-mozart-internet-30-1024x679.jpg\" class=\"attachment-large size-large wp-image-103\" alt=\"\" srcset=\"https:\/\/hotel-mozart.be\/wp-content\/uploads\/2023\/12\/hotel-mozart-internet-30-1024x679.jpg 1024w, https:\/\/hotel-mozart.be\/wp-content\/uploads\/2023\/12\/hotel-mozart-internet-30-300x199.jpg 300w, https:\/\/hotel-mozart.be\/wp-content\/uploads\/2023\/12\/hotel-mozart-internet-30-768x509.jpg 768w, https:\/\/hotel-mozart.be\/wp-content\/uploads\/2023\/12\/hotel-mozart-internet-30.jpg 1500w\" sizes=\"(max-width: 1024px) 100vw, 1024px\" \/>\t\t\t\t\t\t\t\t\t\t\t\t\t\t\t<\/div>\n\t\t\t\t<\/div>\n\t\t\t\t<\/div>\n\t\t\t\t\t<\/div>\n\t\t\t\t<\/div>\n\t\t\t\t\t\t\t<\/div>\n\t\t","protected":false},"excerpt":{"rendered":"<p>En plein centre du Coeur de l\u2019Europe, \u00e0 deux pas de la l\u00e9gendaire Grand Place de Bruxelles, l\u2019h\u00f4tel Mozart, vous attend dans un cadre d\u2019une chaleur exceptionnelle o\u00f9 les couleurs de l\u2019Orient et de l\u2019Andalousie se m\u00ealent et soutiennent les tableaux de l\u2019\u00e9poque des Lumi\u00e8res. Mozart est omnipr\u00e9sent dans \u2026une atmosph\u00e8re de \u00ab Palais des &#8230; <a title=\"Chambres \/ Rooms\" class=\"read-more\" href=\"https:\/\/hotel-mozart.be\/index.php\/chambres\/\" aria-label=\"More on Chambres \/ Rooms\">Read more<\/a><\/p>\n","protected":false},"author":1,"featured_media":0,"parent":0,"menu_order":0,"comment_status":"closed","ping_status":"closed","template":"","meta":{"footnotes":""},"_links":{"self":[{"href":"https:\/\/hotel-mozart.be\/index.php\/wp-json\/wp\/v2\/pages\/31"}],"collection":[{"href":"https:\/\/hotel-mozart.be\/index.php\/wp-json\/wp\/v2\/pages"}],"about":[{"href":"https:\/\/hotel-mozart.be\/index.php\/wp-json\/wp\/v2\/types\/page"}],"author":[{"embeddable":true,"href":"https:\/\/hotel-mozart.be\/index.php\/wp-json\/wp\/v2\/users\/1"}],"replies":[{"embeddable":true,"href":"https:\/\/hotel-mozart.be\/index.php\/wp-json\/wp\/v2\/comments?post=31"}],"version-history":[{"count":8,"href":"https:\/\/hotel-mozart.be\/index.php\/wp-json\/wp\/v2\/pages\/31\/revisions"}],"predecessor-version":[{"id":219,"href":"https:\/\/hotel-mozart.be\/index.php\/wp-json\/wp\/v2\/pages\/31\/revisions\/219"}],"wp:attachment":[{"href":"https:\/\/hotel-mozart.be\/index.php\/wp-json\/wp\/v2\/media?parent=31"}],"curies":[{"name":"wp","href":"https:\/\/api.w.org\/{rel}","templated":true}]}}